{"id":14,"date":"2021-04-30T12:54:12","date_gmt":"2021-04-30T12:54:12","guid":{"rendered":"http:\/\/ideo-energies.fr\/?page_id=14"},"modified":"2021-04-30T12:54:12","modified_gmt":"2021-04-30T12:54:12","slug":"a-propos-de","status":"publish","type":"page","link":"https:\/\/ideo-energies.fr\/index.php\/a-propos-de\/","title":{"rendered":"\u00c0 propos de"},"content":{"rendered":"\n<p>Vous pourriez \u00eatre un artiste et vouloir pr\u00e9senter vos travaux et vous m\u00eame ou encore \u00eatre une entreprise avec une mission \u00e0 promouvoir.<\/p>\n","protected":false},"excerpt":{"rendered":"<p>Vous pourriez \u00eatre un artiste et vouloir pr\u00e9senter vos travaux et vous m\u00eame ou encore \u00eatre une entreprise avec une mission \u00e0 promouvoir.<\/p>\n","protected":false},"author":1,"featured_media":11,"parent":0,"menu_order":0,"comment_status":"closed","ping_status":"closed","template":"","meta":{"_kad_post_transparent":"","_kad_post_title":"","_kad_post_layout":"","_kad_post_sidebar_id":"","_kad_post_content_style":"","_kad_post_vertical_padding":"","_kad_post_feature":"","_kad_post_feature_position":"","_kad_post_header":false,"_kad_post_footer":false,"footnotes":""},"class_list":["post-14","page","type-page","status-publish","has-post-thumbnail","hentry"],"_links":{"self":[{"href":"https:\/\/ideo-energies.fr\/index.php\/wp-json\/wp\/v2\/pages\/14","targetHints":{"allow":["GET"]}}],"collection":[{"href":"https:\/\/ideo-energies.fr\/index.php\/wp-json\/wp\/v2\/pages"}],"about":[{"href":"https:\/\/ideo-energies.fr\/index.php\/wp-json\/wp\/v2\/types\/page"}],"author":[{"embeddable":true,"href":"https:\/\/ideo-energies.fr\/index.php\/wp-json\/wp\/v2\/users\/1"}],"replies":[{"embeddable":true,"href":"https:\/\/ideo-energies.fr\/index.php\/wp-json\/wp\/v2\/comments?post=14"}],"version-history":[{"count":1,"href":"https:\/\/ideo-energies.fr\/index.php\/wp-json\/wp\/v2\/pages\/14\/revisions"}],"predecessor-version":[{"id":22,"href":"https:\/\/ideo-energies.fr\/index.php\/wp-json\/wp\/v2\/pages\/14\/revisions\/22"}],"wp:featuredmedia":[{"embeddable":true,"href":"https:\/\/ideo-energies.fr\/index.php\/wp-json\/wp\/v2\/media\/11"}],"wp:attachment":[{"href":"https:\/\/ideo-energies.fr\/index.php\/wp-json\/wp\/v2\/media?parent=14"}],"curies":[{"name":"wp","href":"https:\/\/api.w.org\/{rel}","templated":true}]}}